{"id":6627,"date":"2019-03-26T06:40:10","date_gmt":"2019-03-26T06:40:10","guid":{"rendered":"https:\/\/elementor.urnawp.com\/?page_id=6510"},"modified":"2022-07-11T20:08:45","modified_gmt":"2022-07-11T20:08:45","slug":"porque-elegirnos","status":"publish","type":"page","link":"https:\/\/metelca.com\/index.php\/porque-elegirnos\/","title":{"rendered":"\u00bfPorque elegirnos?"},"content":{"rendered":"\t\t<div data-elementor-type=\"wp-page\" data-elementor-id=\"6627\" class=\"elementor elementor-6627\">\n\t\t\t\t\t\t<div class=\"elementor-inner\">\n\t\t\t\t<div class=\"elementor-section-wrap\">\n\t\t\t\t\t\t\t\t\t<section class=\"elementor-section elementor-top-section elementor-element elementor-element-60ea0ad1 elementor-section-stretched elementor-section-boxed elementor-section-height-default elementor-section-height-default\" data-id=\"60ea0ad1\" data-element_type=\"section\" data-settings=\"{&quot;stretch_section&quot;:&quot;section-stretched&quot;}\">\n\t\t\t\t\t\t<div class=\"elementor-container elementor-column-gap-default\">\n\t\t\t\t\t\t\t<div class=\"elementor-row\">\n\t\t\t\t\t<div class=\"elementor-column elementor-col-100 elementor-top-column elementor-element elementor-element-bb6d5d2\" data-id=\"bb6d5d2\" data-element_type=\"column\">\n\t\t\t<div class=\"elementor-column-wrap elementor-element-populated\">\n\t\t\t\t\t\t\t<div class=\"elementor-widget-wrap\">\n\t\t\t\t\t\t<div class=\"elementor-element elementor-element-68a1dacd elementor-widget elementor-widget-tbay-heading\" data-id=\"68a1dacd\" data-element_type=\"widget\" data-widget_type=\"tbay-heading.default\">\n\t\t\t\t<div class=\"elementor-widget-container\">\n\t\t\t\r\n<div class=\"tbay-element tbay-addon tbay-addon-heading tbay-addon-text-heading\">\r\n\t\t\t\t<h3 class=\"tbay-addon-title \">\r\n\t\t\t\t\t\t\t\t\t<span class=\"title\">\u00bfPorque Elegirnos?<\/span>\r\n\t\t\t\t\t    \t\r\n\t\t\t\t\t\t\t<\/h3>\r\n\t\t<\/div>\t\t<\/div>\n\t\t\t\t<\/div>\n\t\t\t\t<div class=\"elementor-element elementor-element-5eda7146 elementor-widget elementor-widget-tbay-features\" data-id=\"5eda7146\" data-element_type=\"widget\" data-widget_type=\"tbay-features.default\">\n\t\t\t\t<div class=\"elementor-widget-container\">\n\t\t\t\r\n<div class=\"tbay-element tbay-addon tbay-addon-features style-2\">\r\n    \r\n    <div class=\"tbay-addon-content\">\r\n        <div class=\"features row grid\" data-xlgdesktop=\"3\" data-desktop=\"3\" data-desktopsmall=\"3\" data-tablet=\"3\" data-landscape=\"2\" data-mobile=\"2\">\r\n            \r\n                <div class=\"feature-box\">\r\n\r\n                     \r\n        <div class=\"inner\"> \r\n                    <div class=\"fbox-icon\">\r\n                            <div class=\"icon-inner\"><i aria-hidden=\"true\" class=\"fas fa-business-time\"><\/i><\/div>\r\n                    <\/div>\r\n\r\n                    <div class=\"fbox-content\">\r\n                                    <h3 class=\"ourservice-heading\">\r\n                        ASESORIA                    <\/h3>\r\n                                    <p class=\"description\">\r\n                                            <\/p>\r\n                            <\/div>\r\n                <\/div>\r\n                            \r\n                <\/div>\r\n\r\n            \r\n                <div class=\"feature-box\">\r\n\r\n                     \r\n        <div class=\"inner\"> \r\n                    <div class=\"fbox-icon\">\r\n                            <div class=\"icon-inner\"><i aria-hidden=\"true\" class=\"fab fa-servicestack\"><\/i><\/div>\r\n                    <\/div>\r\n\r\n                    <div class=\"fbox-content\">\r\n                                    <h3 class=\"ourservice-heading\">\r\n                        SERVICIO                    <\/h3>\r\n                                    <p class=\"description\">\r\n                                            <\/p>\r\n                            <\/div>\r\n                <\/div>\r\n                            \r\n                <\/div>\r\n\r\n            \r\n                <div class=\"feature-box\">\r\n\r\n                     \r\n        <div class=\"inner\"> \r\n                    <div class=\"fbox-icon\">\r\n                            <div class=\"icon-inner\"><i aria-hidden=\"true\" class=\"far fa-handshake\"><\/i><\/div>\r\n                    <\/div>\r\n\r\n                    <div class=\"fbox-content\">\r\n                                    <h3 class=\"ourservice-heading\">\r\n                        EXPERIENCIA                    <\/h3>\r\n                                    <p class=\"description\">\r\n                                            <\/p>\r\n                            <\/div>\r\n                <\/div>\r\n                            \r\n                <\/div>\r\n\r\n                    <\/div>\r\n    <\/div>\r\n<\/div>\t\t<\/div>\n\t\t\t\t<\/div>\n\t\t\t\t<div class=\"elementor-element elementor-element-e620119 elementor-widget elementor-widget-spacer\" data-id=\"e620119\" data-element_type=\"widget\" data-widget_type=\"spacer.default\">\n\t\t\t\t<div class=\"elementor-widget-container\">\n\t\t\t\t\t<div class=\"elementor-spacer\">\n\t\t\t<div class=\"elementor-spacer-inner\"><\/div>\n\t\t<\/div>\n\t\t\t\t<\/div>\n\t\t\t\t<\/div>\n\t\t\t\t\t\t<\/div>\n\t\t\t\t\t<\/div>\n\t\t<\/div>\n\t\t\t\t\t\t\t\t<\/div>\n\t\t\t\t\t<\/div>\n\t\t<\/section>\n\t\t\t\t<section class=\"elementor-section elementor-top-section elementor-element elementor-element-83ac132 elementor-section-boxed elementor-section-height-default elementor-section-height-default\" data-id=\"83ac132\" data-element_type=\"section\">\n\t\t\t\t\t\t<div class=\"elementor-container elementor-column-gap-default\">\n\t\t\t\t\t\t\t<div class=\"elementor-row\">\n\t\t\t\t\t<div class=\"elementor-column elementor-col-33 elementor-top-column elementor-element elementor-element-8991ab2\" data-id=\"8991ab2\" data-element_type=\"column\">\n\t\t\t<div class=\"elementor-column-wrap elementor-element-populated\">\n\t\t\t\t\t\t\t<div class=\"elementor-widget-wrap\">\n\t\t\t\t\t\t<div class=\"elementor-element elementor-element-99fb595 elementor-position-top elementor-vertical-align-top elementor-widget elementor-widget-image-box\" data-id=\"99fb595\" data-element_type=\"widget\" data-widget_type=\"image-box.default\">\n\t\t\t\t<div class=\"elementor-widget-container\">\n\t\t\t<div class=\"elementor-image-box-wrapper\"><figure class=\"elementor-image-box-img\"><img loading=\"lazy\" decoding=\"async\" width=\"617\" height=\"461\" src=\"https:\/\/metelca.com\/wp-content\/uploads\/2022\/07\/asesoria.jpg\" class=\"attachment-full size-full\" alt=\"\" \/><\/figure><div class=\"elementor-image-box-content\"><h3 class=\"elementor-image-box-title\">Asesor\u00eda <\/h3><p class=\"elementor-image-box-description\">Optimizamos  nuestros procesos en la exportaci\u00f3n e importaci\u00f3n, con el prop\u00f3sito de bajar costos, mejorar tiempos de entrega, y as\u00ed garantizar mayor productividad en la compra de nuestros clientes. Nuestros centros de operaciones se encuentran cerca de todos los principales puertos mar\u00edtimos.<\/p><\/div><\/div>\t\t<\/div>\n\t\t\t\t<\/div>\n\t\t\t\t\t\t<\/div>\n\t\t\t\t\t<\/div>\n\t\t<\/div>\n\t\t\t\t<div class=\"elementor-column elementor-col-33 elementor-top-column elementor-element elementor-element-d1f8c7b\" data-id=\"d1f8c7b\" data-element_type=\"column\">\n\t\t\t<div class=\"elementor-column-wrap elementor-element-populated\">\n\t\t\t\t\t\t\t<div class=\"elementor-widget-wrap\">\n\t\t\t\t\t\t<div class=\"elementor-element elementor-element-6e0b89f elementor-position-top elementor-vertical-align-top elementor-widget elementor-widget-image-box\" data-id=\"6e0b89f\" data-element_type=\"widget\" data-widget_type=\"image-box.default\">\n\t\t\t\t<div class=\"elementor-widget-container\">\n\t\t\t<div class=\"elementor-image-box-wrapper\"><figure class=\"elementor-image-box-img\"><img loading=\"lazy\" decoding=\"async\" width=\"617\" height=\"461\" src=\"https:\/\/metelca.com\/wp-content\/uploads\/2022\/07\/servicios_personalizado.jpg\" class=\"attachment-full size-full\" alt=\"\" \/><\/figure><div class=\"elementor-image-box-content\"><h3 class=\"elementor-image-box-title\">Servicio Personalizado<\/h3><p class=\"elementor-image-box-description\">Atenci\u00f3n personalizada y nos adaptamos a las necesidades de cliente.\n\n<\/p><\/div><\/div>\t\t<\/div>\n\t\t\t\t<\/div>\n\t\t\t\t\t\t<\/div>\n\t\t\t\t\t<\/div>\n\t\t<\/div>\n\t\t\t\t<div class=\"elementor-column elementor-col-33 elementor-top-column elementor-element elementor-element-1df08c8\" data-id=\"1df08c8\" data-element_type=\"column\">\n\t\t\t<div class=\"elementor-column-wrap elementor-element-populated\">\n\t\t\t\t\t\t\t<div class=\"elementor-widget-wrap\">\n\t\t\t\t\t\t<div class=\"elementor-element elementor-element-b575f35 elementor-position-top elementor-vertical-align-top elementor-widget elementor-widget-image-box\" data-id=\"b575f35\" data-element_type=\"widget\" data-widget_type=\"image-box.default\">\n\t\t\t\t<div class=\"elementor-widget-container\">\n\t\t\t<div class=\"elementor-image-box-wrapper\"><figure class=\"elementor-image-box-img\"><img loading=\"lazy\" decoding=\"async\" width=\"617\" height=\"461\" src=\"https:\/\/metelca.com\/wp-content\/uploads\/2022\/07\/experiencia.jpg\" class=\"attachment-full size-full\" alt=\"\" \/><\/figure><div class=\"elementor-image-box-content\"><h3 class=\"elementor-image-box-title\">Experiencia <\/h3><p class=\"elementor-image-box-description\">Trabajamos con personal capacitado. \n\n<\/p><\/div><\/div>\t\t<\/div>\n\t\t\t\t<\/div>\n\t\t\t\t\t\t<\/div>\n\t\t\t\t\t<\/div>\n\t\t<\/div>\n\t\t\t\t\t\t\t\t<\/div>\n\t\t\t\t\t<\/div>\n\t\t<\/section>\n\t\t\t\t\t\t\t\t\t<\/div>\n\t\t\t<\/div>\n\t\t\t\t\t<\/div>\n\t\t","protected":false},"excerpt":{"rendered":"<p>\u00bfPorque Elegirnos? ASESORIA SERVICIO EXPERIENCIA Asesor\u00eda Optimizamos nuestros procesos en la exportaci\u00f3n e importaci\u00f3n, con el prop\u00f3sito de bajar costos, mejorar tiempos de entrega, y as\u00ed garantizar mayor productividad en la compra de nuestros clientes. Nuestros centros de operaciones se encuentran cerca de todos los principales puertos mar\u00edtimos. Servicio Personalizado Atenci\u00f3n personalizada y nos adaptamos &hellip; <a href=\"https:\/\/metelca.com\/index.php\/porque-elegirnos\/\" class=\"more-link\">Continue reading <span class=\"screen-reader-text\">\u00bfPorque elegirnos?<\/span><\/a><\/p>\n","protected":false},"author":1,"featured_media":0,"parent":0,"menu_order":0,"comment_status":"closed","ping_status":"closed","template":"","meta":{"_monsterinsights_skip_tracking":false,"_monsterinsights_sitenote_active":false,"_monsterinsights_sitenote_note":"","_monsterinsights_sitenote_category":0,"_joinchat":[],"footnotes":""},"class_list":["post-6627","page","type-page","status-publish","hentry"],"_links":{"self":[{"href":"https:\/\/metelca.com\/index.php\/wp-json\/wp\/v2\/pages\/6627"}],"collection":[{"href":"https:\/\/metelca.com\/index.php\/wp-json\/wp\/v2\/pages"}],"about":[{"href":"https:\/\/metelca.com\/index.php\/wp-json\/wp\/v2\/types\/page"}],"author":[{"embeddable":true,"href":"https:\/\/metelca.com\/index.php\/wp-json\/wp\/v2\/users\/1"}],"replies":[{"embeddable":true,"href":"https:\/\/metelca.com\/index.php\/wp-json\/wp\/v2\/comments?post=6627"}],"version-history":[{"count":8,"href":"https:\/\/metelca.com\/index.php\/wp-json\/wp\/v2\/pages\/6627\/revisions"}],"predecessor-version":[{"id":8200,"href":"https:\/\/metelca.com\/index.php\/wp-json\/wp\/v2\/pages\/6627\/revisions\/8200"}],"wp:attachment":[{"href":"https:\/\/metelca.com\/index.php\/wp-json\/wp\/v2\/media?parent=6627"}],"curies":[{"name":"wp","href":"https:\/\/api.w.org\/{rel}","templated":true}]}}