{"id":3169,"date":"2017-11-11T04:43:48","date_gmt":"2017-11-11T04:43:48","guid":{"rendered":"http:\/\/demo.thembay.com\/megabuy\/?page_id=3169"},"modified":"2022-07-10T21:20:34","modified_gmt":"2022-07-10T21:20:34","slug":"contacto","status":"publish","type":"page","link":"https:\/\/metelca.com\/index.php\/contacto\/","title":{"rendered":"Contacto"},"content":{"rendered":"\t\t<div data-elementor-type=\"wp-page\" data-elementor-id=\"3169\" class=\"elementor elementor-3169\">\n\t\t\t\t\t\t<div class=\"elementor-inner\">\n\t\t\t\t<div class=\"elementor-section-wrap\">\n\t\t\t\t\t\t\t\t\t<section class=\"elementor-section elementor-top-section elementor-element elementor-element-5463e1e1 elementor-section-stretched elementor-section-boxed elementor-section-height-default elementor-section-height-default\" data-id=\"5463e1e1\" data-element_type=\"section\" data-settings=\"{&quot;stretch_section&quot;:&quot;section-stretched&quot;,&quot;background_background&quot;:&quot;classic&quot;}\">\n\t\t\t\t\t\t<div class=\"elementor-container elementor-column-gap-default\">\n\t\t\t\t\t\t\t<div class=\"elementor-row\">\n\t\t\t\t\t<div class=\"elementor-column elementor-col-50 elementor-top-column elementor-element elementor-element-10f5332e\" data-id=\"10f5332e\" data-element_type=\"column\">\n\t\t\t<div class=\"elementor-column-wrap elementor-element-populated\">\n\t\t\t\t\t\t\t<div class=\"elementor-widget-wrap\">\n\t\t\t\t\t\t<div class=\"elementor-element elementor-element-0409b88 elementor-widget elementor-widget-spacer\" data-id=\"0409b88\" data-element_type=\"widget\" data-widget_type=\"spacer.default\">\n\t\t\t\t<div class=\"elementor-widget-container\">\n\t\t\t\t\t<div class=\"elementor-spacer\">\n\t\t\t<div class=\"elementor-spacer-inner\"><\/div>\n\t\t<\/div>\n\t\t\t\t<\/div>\n\t\t\t\t<\/div>\n\t\t\t\t<div class=\"elementor-element elementor-element-3cd06da3 contact-wrapper elementor-widget elementor-widget-text-editor\" data-id=\"3cd06da3\" data-element_type=\"widget\" data-widget_type=\"text-editor.default\">\n\t\t\t\t<div class=\"elementor-widget-container\">\n\t\t\t\t\t\t\t\t<div class=\"elementor-text-editor elementor-clearfix\">\n\t\t\t\t<ul class=\"contact-info\"><li><span class=\"head\">Tel\u00e9fono de Contacto:<\/span>+507 6983-8468<\/li><li><span class=\"head\"><i class=\"linear-icon-envelope\"><\/i>Correo Electr\u00f3nico: <\/span>ventas@metelca.com<\/li><li><span class=\"head\"><i class=\"linear-icon-map-marker\"><\/i>Direcci\u00f3n:<\/span>Zona Libre de Col\u00f3n Panam\u00e1, France field Calle 8 y Av. 5 al lado de Magic Trading. Panam\u00e1<\/li><\/ul>\t\t\t\t\t<\/div>\n\t\t\t\t\t\t<\/div>\n\t\t\t\t<\/div>\n\t\t\t\t<div class=\"elementor-element elementor-element-33e4e15c has-icon tbay-addon-social contact-wrapper elementor-widget elementor-widget-tbay-social-icons\" data-id=\"33e4e15c\" data-element_type=\"widget\" data-widget_type=\"tbay-social-icons.default\">\n\t\t\t\t<div class=\"elementor-widget-container\">\n\t\t\t<div class=\"tbay-element tbay-addon tbay-addon-social-icons has-icon tbay-addon-social contact-wrapper tbay-addon-social\">\r\n\r\n    \t\t\t<h3 class=\"tbay-addon-title \">\r\n\t\t\t\t\t\t\t\t\t<span class=\"title\">S\u00edguenos:<\/span>\r\n\t\t\t\t\t    \t\r\n\t\t\t\t\t\t\t<\/h3>\r\n\t\t\r\n    <div class=\"tbay-addon-content\">\r\n        <ul class=\"social list-inline style2\">\r\n                <li><a href=\"https:\/\/www.facebook.com\/metelca.ca\" class=\"facebook\" target=\"_blank\">\r\n            <i aria-hidden=\"true\" class=\"icon- icon-social-facebook\"><\/i>                    <\/a><\/li>\r\n        <\/ul>\r\n    <\/div>\r\n<\/div>\t\t<\/div>\n\t\t\t\t<\/div>\n\t\t\t\t\t\t<\/div>\n\t\t\t\t\t<\/div>\n\t\t<\/div>\n\t\t\t\t<div class=\"elementor-column elementor-col-50 elementor-top-column elementor-element elementor-element-5ab0f812\" data-id=\"5ab0f812\" data-element_type=\"column\">\n\t\t\t<div class=\"elementor-column-wrap elementor-element-populated\">\n\t\t\t\t\t\t\t<div class=\"elementor-widget-wrap\">\n\t\t\t\t\t\t<div class=\"elementor-element elementor-element-bf195a3 elementor-widget elementor-widget-spacer\" data-id=\"bf195a3\" data-element_type=\"widget\" data-widget_type=\"spacer.default\">\n\t\t\t\t<div class=\"elementor-widget-container\">\n\t\t\t\t\t<div class=\"elementor-spacer\">\n\t\t\t<div class=\"elementor-spacer-inner\"><\/div>\n\t\t<\/div>\n\t\t\t\t<\/div>\n\t\t\t\t<\/div>\n\t\t\t\t<div class=\"elementor-element elementor-element-78f90a37 elementor-widget elementor-widget-google_maps\" data-id=\"78f90a37\" data-element_type=\"widget\" data-widget_type=\"google_maps.default\">\n\t\t\t\t<div class=\"elementor-widget-container\">\n\t\t\t\t\t<div class=\"elementor-custom-embed\">\n\t\t\t<iframe frameborder=\"0\" scrolling=\"no\" marginheight=\"0\" marginwidth=\"0\"\n\t\t\t\t\tsrc=\"https:\/\/maps.google.com\/maps?q=METELCA%20S.A.%2C%20France%20field%20Calle%208%20y%20Av.%205%2C%20Col%C3%B3n%2C%20Panam%C3%A1&#038;t=m&#038;z=15&#038;output=embed&#038;iwloc=near\"\n\t\t\t\t\ttitle=\"METELCA S.A., France field Calle 8 y Av. 5, Col\u00f3n, Panam\u00e1\"\n\t\t\t\t\taria-label=\"METELCA S.A., France field Calle 8 y Av. 5, Col\u00f3n, Panam\u00e1\"\n\t\t\t><\/iframe>\n\t\t<\/div>\n\t\t\t\t<\/div>\n\t\t\t\t<\/div>\n\t\t\t\t\t\t<\/div>\n\t\t\t\t\t<\/div>\n\t\t<\/div>\n\t\t\t\t\t\t\t\t<\/div>\n\t\t\t\t\t<\/div>\n\t\t<\/section>\n\t\t\t\t<section class=\"elementor-section elementor-top-section elementor-element elementor-element-585e6daf elementor-section-stretched contact-detail elementor-section-boxed elementor-section-height-default elementor-section-height-default\" data-id=\"585e6daf\" data-element_type=\"section\" data-settings=\"{&quot;stretch_section&quot;:&quot;section-stretched&quot;,&quot;background_background&quot;:&quot;classic&quot;}\">\n\t\t\t\t\t\t<div class=\"elementor-container elementor-column-gap-default\">\n\t\t\t\t\t\t\t<div class=\"elementor-row\">\n\t\t\t\t\t<div class=\"elementor-column elementor-col-33 elementor-top-column elementor-element elementor-element-1411d0da\" data-id=\"1411d0da\" data-element_type=\"column\">\n\t\t\t<div class=\"elementor-column-wrap elementor-element-populated\">\n\t\t\t\t\t\t\t<div class=\"elementor-widget-wrap\">\n\t\t\t\t\t\t<div class=\"elementor-element elementor-element-f743062 elementor-widget elementor-widget-spacer\" data-id=\"f743062\" data-element_type=\"widget\" data-widget_type=\"spacer.default\">\n\t\t\t\t<div class=\"elementor-widget-container\">\n\t\t\t\t\t<div class=\"elementor-spacer\">\n\t\t\t<div class=\"elementor-spacer-inner\"><\/div>\n\t\t<\/div>\n\t\t\t\t<\/div>\n\t\t\t\t<\/div>\n\t\t\t\t\t\t<\/div>\n\t\t\t\t\t<\/div>\n\t\t<\/div>\n\t\t\t\t<div class=\"elementor-column elementor-col-33 elementor-top-column elementor-element elementor-element-b3870bd\" data-id=\"b3870bd\" data-element_type=\"column\" data-settings=\"{&quot;background_background&quot;:&quot;classic&quot;}\">\n\t\t\t<div class=\"elementor-column-wrap elementor-element-populated\">\n\t\t\t\t\t\t\t<div class=\"elementor-widget-wrap\">\n\t\t\t\t\t\t<div class=\"elementor-element elementor-element-2f2cfbdc elementor-widget elementor-widget-tbay-heading\" data-id=\"2f2cfbdc\" data-element_type=\"widget\" data-widget_type=\"tbay-heading.default\">\n\t\t\t\t<div class=\"elementor-widget-container\">\n\t\t\t\r\n<div class=\"tbay-element tbay-addon tbay-addon-heading tbay-addon-text-heading\">\r\n\t\t\t\t<h3 class=\"tbay-addon-title \">\r\n\t\t\t\t\t\t\t\t\t<span class=\"title\">Ponte en contacto<\/span>\r\n\t\t\t\t\t    \t\r\n\t\t\t\t\t\t\t\t\t<span class=\"subtitle\">Su direcci\u00f3n de correo electr\u00f3nico no ser\u00e1 publicada. Los campos obligatorios est\u00e1n marcados (*)<\/span>\r\n\t\t\t\t\t\t\t<\/h3>\r\n\t\t<\/div>\t\t<\/div>\n\t\t\t\t<\/div>\n\t\t\t\t<div class=\"elementor-element elementor-element-292cbcfb elementor-widget elementor-widget-shortcode\" data-id=\"292cbcfb\" data-element_type=\"widget\" data-widget_type=\"shortcode.default\">\n\t\t\t\t<div class=\"elementor-widget-container\">\n\t\t\t\t\t<div class=\"elementor-shortcode\"><div role=\"form\" class=\"wpcf7\" id=\"wpcf7-f559-o1\" lang=\"en-US\" dir=\"ltr\">\n<div class=\"screen-reader-response\"><p role=\"status\" aria-live=\"polite\" aria-atomic=\"true\"><\/p> <ul><\/ul><\/div>\n<form action=\"\/index.php\/wp-json\/wp\/v2\/pages\/3169#wpcf7-f559-o1\" method=\"post\" class=\"wpcf7-form init\" novalidate=\"novalidate\" data-status=\"init\">\n<div style=\"display: none;\">\n<input type=\"hidden\" name=\"_wpcf7\" value=\"559\" \/>\n<input type=\"hidden\" name=\"_wpcf7_version\" value=\"5.6.3\" \/>\n<input type=\"hidden\" name=\"_wpcf7_locale\" value=\"en_US\" \/>\n<input type=\"hidden\" name=\"_wpcf7_unit_tag\" value=\"wpcf7-f559-o1\" \/>\n<input type=\"hidden\" name=\"_wpcf7_container_post\" value=\"0\" \/>\n<input type=\"hidden\" name=\"_wpcf7_posted_data_hash\" value=\"\" \/>\n<\/div>\n<div class=\"form-horizontal row\">\n<div class=\"col-md-4\"><label for=\"name\">Nombre<span class=\"required\">*<\/span>:<\/label><br \/>\n            <span class=\"wpcf7-form-control-wrap\" data-name=\"text-799\"><input type=\"text\" name=\"text-799\" value=\"\" size=\"40\" class=\"wpcf7-form-control wpcf7-text wpcf7-validates-as-required required form-control\" id=\"your_name\" aria-required=\"true\" aria-invalid=\"false\" \/><\/span>\n        <\/div>\n<div class=\"col-md-4\"><label class=\"control-label\" for=\"email\">Correo Electr\u00f3nico<span class=\"required\">*<\/span>:<\/label><br \/>\n            <span class=\"wpcf7-form-control-wrap\" data-name=\"email-257\"><input type=\"email\" name=\"email-257\" value=\"\" size=\"40\" class=\"wpcf7-form-control wpcf7-text wpcf7-email wpcf7-validates-as-required wpcf7-validates-as-email required\" id=\"your_email\" aria-required=\"true\" aria-invalid=\"false\" \/><\/span>\n        <\/div>\n<div class=\"col-md-4\"><label for=\"name\">Asunto<span class=\"required\">*<\/span>:<\/label><br \/>\n            <span class=\"wpcf7-form-control-wrap\" data-name=\"text-599\"><input type=\"text\" name=\"text-599\" value=\"\" size=\"40\" class=\"wpcf7-form-control wpcf7-text wpcf7-validates-as-required required form-subject\" id=\"your_subject\" aria-required=\"true\" aria-invalid=\"false\" \/><\/span>\n        <\/div>\n<div class=\"col-md-12\"><label class=\"control-label\" for=\"message\">Mensaje<span class=\"required\">*<\/span>:<\/label><br \/>\n            <span class=\"wpcf7-form-control-wrap\" data-name=\"textarea-552\"><textarea name=\"textarea-552\" cols=\"40\" rows=\"10\" class=\"wpcf7-form-control wpcf7-textarea required\" id=\"your_message\" aria-invalid=\"false\"><\/textarea><\/span>\n        <\/div>\n<div class=\"col-md-2 col-md-offset-10\">\n            <input type=\"submit\" value=\"Enviar Mensaje\" class=\"wpcf7-form-control has-spinner wpcf7-submit btn btn-default\" \/>\n        <\/div>\n<\/div>\n<div class=\"wpcf7-response-output\" aria-hidden=\"true\"><\/div><\/form><\/div><\/div>\n\t\t\t\t<\/div>\n\t\t\t\t<\/div>\n\t\t\t\t<div class=\"elementor-element elementor-element-9e09490 elementor-widget elementor-widget-spacer\" data-id=\"9e09490\" data-element_type=\"widget\" data-widget_type=\"spacer.default\">\n\t\t\t\t<div class=\"elementor-widget-container\">\n\t\t\t\t\t<div class=\"elementor-spacer\">\n\t\t\t<div class=\"elementor-spacer-inner\"><\/div>\n\t\t<\/div>\n\t\t\t\t<\/div>\n\t\t\t\t<\/div>\n\t\t\t\t\t\t<\/div>\n\t\t\t\t\t<\/div>\n\t\t<\/div>\n\t\t\t\t<div class=\"elementor-column elementor-col-33 elementor-top-column elementor-element elementor-element-8b5b1a4\" data-id=\"8b5b1a4\" data-element_type=\"column\">\n\t\t\t<div class=\"elementor-column-wrap elementor-element-populated\">\n\t\t\t\t\t\t\t<div class=\"elementor-widget-wrap\">\n\t\t\t\t\t\t<div class=\"elementor-element elementor-element-3f69ab3 elementor-widget elementor-widget-spacer\" data-id=\"3f69ab3\" data-element_type=\"widget\" data-widget_type=\"spacer.default\">\n\t\t\t\t<div class=\"elementor-widget-container\">\n\t\t\t\t\t<div class=\"elementor-spacer\">\n\t\t\t<div class=\"elementor-spacer-inner\"><\/div>\n\t\t<\/div>\n\t\t\t\t<\/div>\n\t\t\t\t<\/div>\n\t\t\t\t\t\t<\/div>\n\t\t\t\t\t<\/div>\n\t\t<\/div>\n\t\t\t\t\t\t\t\t<\/div>\n\t\t\t\t\t<\/div>\n\t\t<\/section>\n\t\t\t\t\t\t\t\t\t<\/div>\n\t\t\t<\/div>\n\t\t\t\t\t<\/div>\n\t\t","protected":false},"excerpt":{"rendered":"<p>Tel\u00e9fono de Contacto:+507 6983-8468 Correo Electr\u00f3nico: ventas@metelca.com Direcci\u00f3n:Zona Libre de Col\u00f3n Panam\u00e1, France field Calle 8 y Av. 5 al lado de Magic Trading. Panam\u00e1 S\u00edguenos: Ponte en contacto Su direcci\u00f3n de correo electr\u00f3nico no ser\u00e1 publicada. Los campos obligatorios est\u00e1n marcados (*)<\/p>\n","protected":false},"author":1,"featured_media":0,"parent":0,"menu_order":0,"comment_status":"closed","ping_status":"closed","template":"","meta":{"_monsterinsights_skip_tracking":false,"_monsterinsights_sitenote_active":false,"_monsterinsights_sitenote_note":"","_monsterinsights_sitenote_category":0,"_joinchat":[],"footnotes":""},"class_list":["post-3169","page","type-page","status-publish","hentry"],"_links":{"self":[{"href":"https:\/\/metelca.com\/index.php\/wp-json\/wp\/v2\/pages\/3169"}],"collection":[{"href":"https:\/\/metelca.com\/index.php\/wp-json\/wp\/v2\/pages"}],"about":[{"href":"https:\/\/metelca.com\/index.php\/wp-json\/wp\/v2\/types\/page"}],"author":[{"embeddable":true,"href":"https:\/\/metelca.com\/index.php\/wp-json\/wp\/v2\/users\/1"}],"replies":[{"embeddable":true,"href":"https:\/\/metelca.com\/index.php\/wp-json\/wp\/v2\/comments?post=3169"}],"version-history":[{"count":44,"href":"https:\/\/metelca.com\/index.php\/wp-json\/wp\/v2\/pages\/3169\/revisions"}],"predecessor-version":[{"id":8212,"href":"https:\/\/metelca.com\/index.php\/wp-json\/wp\/v2\/pages\/3169\/revisions\/8212"}],"wp:attachment":[{"href":"https:\/\/metelca.com\/index.php\/wp-json\/wp\/v2\/media?parent=3169"}],"curies":[{"name":"wp","href":"https:\/\/api.w.org\/{rel}","templated":true}]}}